{"id":118,"date":"2015-10-31T12:43:25","date_gmt":"2015-10-31T11:43:25","guid":{"rendered":"http:\/\/netsh101366.web05.net-server.de\/wordpress\/en\/?page_id=118"},"modified":"2025-06-12T11:44:59","modified_gmt":"2025-06-12T09:44:59","slug":"legal-disclosure","status":"publish","type":"page","link":"https:\/\/www.neurochirurgie-badhomburg.de\/en\/legal-disclosure\/","title":{"rendered":"Legal Disclosure"},"content":{"rendered":"<h1>Legal Disclosure<\/h1>\n<p>Information in accordance with section 5 TMG<\/p>\n<p>Drs. PD D\u00fctzmann, Rosenthal<br \/>\n<strong>Specialists in spinal surgery<\/strong><br \/>\nZeppelinstr. 24<br \/>\nGesundheitscampus Bad Homburg<br \/>\n61352 Bad Homburg v.d.H.<\/p>\n<h2>Contact<\/h2>\n<p>Telephone: +49 6172 91710<br \/>\nE-Mail: <a href=\"&#x6d;&#97;&#105;&#x6c;&#x74;&#111;&#58;&#x70;&#x72;&#97;&#120;&#x69;&#x73;&#64;&#110;&#x63;&#x68;&#98;&#97;&#x64;&#x68;&#111;&#109;&#x62;&#x75;&#114;&#103;&#x2e;&#x64;&#101;\">&#x70;r&#x61;&#120;&#x69;&#x73;&#64;&#x6e;&#99;&#x68;&#x62;a&#x64;&#104;&#x6f;&#x6d;b&#x75;&#114;&#x67;&#x2e;d&#x65;<\/a><br \/>\nInternetaddress: <a href=\"https:\/\/www.neurochirurgie-badhomburg.de\/\" target=\"_blank\" rel=\"noopener\">https:\/\/www.neurochirurgie-badhomburg.de\/<\/a><\/p>\n<h2>Regulating authority<\/h2>\n<p>Landes\u00e4rztekammer Hessen<\/p>\n<h2>Regulated professions \/ Independent Professions<\/h2>\n<p>Job title (Regulated professions): \u00c4rzte<br \/>\nProfessional chamber: Landes\u00e4rztekammer Hessen<br \/>\nProfessional regulations and how to access: <a href=\"http:\/\/www.laekh.de\/images\/Aerzte\/Rund_ums_Recht\/Rechtsquellen\/berufsordnung.pdf\" target=\"_blank\" rel=\"noopener\">Berufsordnung f\u00fcr die \u00c4rztinnen und \u00c4rzte in Hessen<\/a><\/p>\n<h2>Disclaimer<\/h2>\n<h3>Accountability for content<\/h3>\n<p>The contents of our pages have been created with the utmost care. However, we cannot guarantee the contents&#8217; accuracy, completeness or topicality. According to statutory provisions, we are furthermore responsible for our own content on these web pages. In this context, please note that we are accordingly not obliged to monitor merely the transmitted or saved information of third parties, or investigate circumstances pointing to illegal activity. Our obligations to remove or block the use of information under generally applicable laws remain unaffected by this as per \u00a7\u00a7 8 to 10 of the Telemedia Act (TMG).<\/p>\n<h3>Accountability for links<\/h3>\n<p>Responsibility for the content of external links (to web pages of third parties) lies solely with the operators of the linked pages. No violations were evident to us at the time of linking. Should any legal infringement become known to us, we will remove the respective link immediately.<\/p>\n<h3>Copyright<\/h3>\n<p>Our web pages and their contents are subject to German copyright law. Unless expressly permitted by law (\u00a7 44a et seq. of the copyright law), every form of utilizing, reproducing or processing works subject to copyright protection on our web pages requires the prior consent of the respective owner of the rights. Individual reproductions of a work are allowed only for private use, so must not serve either directly or indirectly for earnings. Unauthorized utilization of copyrighted works is punishable (\u00a7 106 of the copyright law).<\/p>\n<p><i>Quelle: <\/i><a href=\"http:\/\/www.twigg.de\/haftungsausschlussimpressumenglisch.htm\" target=\"_blank\" rel=\"noopener\">twiggs translations<\/a><\/p>\n","protected":false},"excerpt":{"rendered":"<p>Legal Disclosure Information in accordance with section 5 TMG Drs. PD D\u00fctzmann, Rosenthal Specialists in spinal surgery Zeppelinstr. 24 Gesundheitscampus Bad Homburg 61352 Bad Homburg v.d.H. Contact Telephone: +49 6172 91710 E-Mail: pr&#97;&#120;&#105;&#115;&#x40;&#x6e;&#x63;&#x68;&#x62;ad&#104;&#111;&#109;&#98;&#x75;&#x72;&#x67;&#x2e;&#x64;e Internetaddress: https:\/\/www.neurochirurgie-badhomburg.de\/ Regulating authority Landes\u00e4rztekammer Hessen Regulated professions \/ Independent Professions Job title (Regulated professions): \u00c4rzte Professional chamber: Landes\u00e4rztekammer Hessen Professional regulations [&hellip;]<\/p>\n","protected":false},"author":1,"featured_media":0,"parent":0,"menu_order":0,"comment_status":"closed","ping_status":"closed","template":"","meta":{"footnotes":""},"class_list":["post-118","page","type-page","status-publish","hentry"],"_links":{"self":[{"href":"https:\/\/www.neurochirurgie-badhomburg.de\/en\/wp-json\/wp\/v2\/pages\/118","targetHints":{"allow":["GET"]}}],"collection":[{"href":"https:\/\/www.neurochirurgie-badhomburg.de\/en\/wp-json\/wp\/v2\/pages"}],"about":[{"href":"https:\/\/www.neurochirurgie-badhomburg.de\/en\/wp-json\/wp\/v2\/types\/page"}],"author":[{"embeddable":true,"href":"https:\/\/www.neurochirurgie-badhomburg.de\/en\/wp-json\/wp\/v2\/users\/1"}],"replies":[{"embeddable":true,"href":"https:\/\/www.neurochirurgie-badhomburg.de\/en\/wp-json\/wp\/v2\/comments?post=118"}],"version-history":[{"count":3,"href":"https:\/\/www.neurochirurgie-badhomburg.de\/en\/wp-json\/wp\/v2\/pages\/118\/revisions"}],"predecessor-version":[{"id":477,"href":"https:\/\/www.neurochirurgie-badhomburg.de\/en\/wp-json\/wp\/v2\/pages\/118\/revisions\/477"}],"wp:attachment":[{"href":"https:\/\/www.neurochirurgie-badhomburg.de\/en\/wp-json\/wp\/v2\/media?parent=118"}],"curies":[{"name":"wp","href":"https:\/\/api.w.org\/{rel}","templated":true}]}}